{"id":11,"date":"2017-09-15T21:36:47","date_gmt":"2017-09-16T00:36:47","guid":{"rendered":"http:\/\/dsrmedios.com.ar\/diario\/?page_id=11"},"modified":"2017-09-18T20:21:09","modified_gmt":"2017-09-18T23:21:09","slug":"home","status":"publish","type":"page","link":"http:\/\/dsrmedios.com.ar\/diario\/","title":{"rendered":"Inicio"},"content":{"rendered":"<p>DSR MEDIOS &#8211; www.dsrmedios.com.ar<\/p>\n<p>Publicaci\u00f2n period\u00ecstica\u00a0fundada el 10 de octubre de 2008<\/p>\n<p>Dise\u00f1o y armado Luis Gobel<\/p>\n<p>Direcci\u00f3n Domingo San Rom\u00e1n<\/p>\n<p>Avenida Col\u00f3n 949<\/p>\n<p>CARHUE<\/p>\n<p>Provincia de Buenos Aires<\/p>\n<p>celular 2923 693967<\/p>\n<p>Tel\u00e9fono fijo 2936 430854<\/p>\n<p>mail: vivilaradio@hotmail.com<\/p>\n<p>&nbsp;<\/p>\n","protected":false},"excerpt":{"rendered":"<div class=\"mh-excerpt\"><p>DSR MEDIOS &#8211; www.dsrmedios.com.ar Publicaci\u00f2n period\u00ecstica\u00a0fundada el 10 de octubre de 2008 Dise\u00f1o y armado Luis Gobel Direcci\u00f3n Domingo San Rom\u00e1n Avenida Col\u00f3n 949 CARHUE Provincia de Buenos Aires celular 2923 693967 Tel\u00e9fono fijo 2936 430854 mail: vivilaradio@hotmail.com &nbsp;<\/p>\n<\/div>","protected":false},"author":2,"featured_media":0,"parent":0,"menu_order":0,"comment_status":"closed","ping_status":"closed","template":"template-homepage.php","meta":[],"jetpack_sharing_enabled":true,"jetpack_shortlink":"https:\/\/wp.me\/P9fihK-b","_links":{"self":[{"href":"http:\/\/dsrmedios.com.ar\/diario\/wp-json\/wp\/v2\/pages\/11"}],"collection":[{"href":"http:\/\/dsrmedios.com.ar\/diario\/wp-json\/wp\/v2\/pages"}],"about":[{"href":"http:\/\/dsrmedios.com.ar\/diario\/wp-json\/wp\/v2\/types\/page"}],"author":[{"embeddable":true,"href":"http:\/\/dsrmedios.com.ar\/diario\/wp-json\/wp\/v2\/users\/2"}],"replies":[{"embeddable":true,"href":"http:\/\/dsrmedios.com.ar\/diario\/wp-json\/wp\/v2\/comments?post=11"}],"version-history":[{"count":2,"href":"http:\/\/dsrmedios.com.ar\/diario\/wp-json\/wp\/v2\/pages\/11\/revisions"}],"predecessor-version":[{"id":424,"href":"http:\/\/dsrmedios.com.ar\/diario\/wp-json\/wp\/v2\/pages\/11\/revisions\/424"}],"wp:attachment":[{"href":"http:\/\/dsrmedios.com.ar\/diario\/wp-json\/wp\/v2\/media?parent=11"}],"curies":[{"name":"wp","href":"https:\/\/api.w.org\/{rel}","templated":true}]}}